{"id":254,"date":"2017-08-01T13:50:07","date_gmt":"2017-08-01T12:50:07","guid":{"rendered":"http:\/\/www.sovilec.com\/Actualite\/?page_id=254"},"modified":"2020-02-28T12:36:36","modified_gmt":"2020-02-28T11:36:36","slug":"contact-enseignes-lumineuses","status":"publish","type":"page","link":"https:\/\/www.sovilec.com\/Actualite\/contact-enseignes-lumineuses\/","title":{"rendered":"Contact"},"content":{"rendered":"<h2><strong>Nous situer<\/strong><\/h2>\n<p>&nbsp;<\/p>\n<div class=\"wpgmp_map_container wpgmp-map-provider-google wpgmp-map-1\" rel=\"map1\" data-plugin-version=\"4.9.2\"><div class=\"wpgmp_map_parent\"><div class=\"wpgmp_map \" style=\"width:100%;height:400px\" id=\"map1\" data-map-id=\"1\"><\/div><\/div><\/div><script>jQuery(document).ready(function($){ window.wpgmp = window.wpgmp || {}; window.wpgmp.mapdata1 = \"eyJhdXRvc29ydCI6dHJ1ZSwibWFwX29wdGlvbnMiOnsiY2VudGVyX2xhdCI6IjQ1Ljc1MzIwMDI5OTk5OTk5IiwiY2VudGVyX2xuZyI6IjQuOTI2ODc5OTk5OTk5OTgzIiwiem9vbSI6MTYsIm1hcF90eXBlX2lkIjoiUk9BRE1BUCIsImNlbnRlcl9ieV9uZWFyZXN0IjpmYWxzZSwiZml0X2JvdW5kcyI6ZmFsc2UsInNob3dfY2VudGVyX2NpcmNsZSI6ZmFsc2UsInNob3dfY2VudGVyX21hcmtlciI6ZmFsc2UsImNlbnRlcl9tYXJrZXJfaWNvbiI6Imh0dHA6XC9cL3d3dy5zb3ZpbGVjLmNvbVwvQWN0dWFsaXRlXC93cC1jb250ZW50XC9wbHVnaW5zXC93cC1nb29nbGUtbWFwLXBsdWdpblwvYXNzZXRzXC9pbWFnZXNcL1wvZGVmYXVsdF9tYXJrZXIucG5nIiwiZHJhZ2dhYmxlIjp0cnVlLCJtYXJrZXJfZGVmYXVsdF9pY29uIjoiaHR0cDpcL1wvd3d3LnNvdmlsZWMuY29tXC9BY3R1YWxpdGVcL3dwLWNvbnRlbnRcL3BsdWdpbnNcL3dwLWdvb2dsZS1tYXAtcGx1Z2luXC9hc3NldHNcL2ltYWdlc1wvXC9kZWZhdWx0X21hcmtlci5wbmciLCJpbmZvd2luZG93X3NldHRpbmciOiI8c3Ryb25nPnttYXJrZXJfdGl0bGV9PFwvc3Ryb25nPlxyXG48YnI+XHJcbnttYXJrZXJfYWRkcmVzc31cclxuNjkxMjAgVmF1bHggZW4gVmVsaW4iLCJpbmZvd2luZG93X3NraW4iOnsibmFtZSI6ImRlZmF1bHQiLCJ0eXBlIjoiaW5mb3dpbmRvdyIsInNvdXJjZWNvZGUiOiI8c3Ryb25nPnttYXJrZXJfdGl0bGV9PFwvc3Ryb25nPlxyXG48YnI+XHJcbnttYXJrZXJfYWRkcmVzc31cclxuNjkxMjAgVmF1bHggZW4gVmVsaW4ifSwiaW5mb3dpbmRvd19kcm9wX2FuaW1hdGlvbiI6ZmFsc2UsImNsb3NlX2luZm93aW5kb3dfb25fbWFwX2NsaWNrIjpmYWxzZSwiZGVmYXVsdF9pbmZvd2luZG93X29wZW4iOmZhbHNlLCJpbmZvd2luZG93X29wZW5fZXZlbnQiOiJjbGljayIsImxpc3RpbmdfaW5mb3dpbmRvd19vcGVuX2V2ZW50IjoiY2xpY2siLCJpc19tb2JpbGUiOmZhbHNlLCJpbmZvd2luZG93X2ZpbHRlcl9vbmx5IjpmYWxzZSwiaW5mb3dpbmRvd19jbGlja19jaGFuZ2VfY2VudGVyIjpmYWxzZSwiZnVsbF9zY3JlZW5fY29udHJvbCI6dHJ1ZSwiY2FtZXJhX2NvbnRyb2wiOmZhbHNlLCJzZWFyY2hfY29udHJvbCI6dHJ1ZSwiem9vbV9jb250cm9sIjp0cnVlLCJtYXBfdHlwZV9jb250cm9sIjp0cnVlLCJzdHJlZXRfdmlld19jb250cm9sIjp0cnVlLCJsb2NhdGVtZV9jb250cm9sIjpmYWxzZSwibW9iaWxlX3NwZWNpZmljIjpmYWxzZSwiem9vbV9tb2JpbGUiOjUsImRyYWdnYWJsZV9tb2JpbGUiOnRydWUsInNjcm9sbF93aGVlbF9tb2JpbGUiOnRydWUsImZ1bGxfc2NyZWVuX2NvbnRyb2xfcG9zaXRpb24iOiJUT1BfUklHSFQiLCJ6b29tX2NvbnRyb2xfcG9zaXRpb24iOiJUT1BfTEVGVCIsIm1hcF90eXBlX2NvbnRyb2xfcG9zaXRpb24iOiJUT1BfUklHSFQiLCJtYXBfdHlwZV9jb250cm9sX3N0eWxlIjoiSE9SSVpPTlRBTF9CQVIiLCJzdHJlZXRfdmlld19jb250cm9sX3Bvc2l0aW9uIjoiVE9QX0xFRlQiLCJtYXBfaW5mb3dpbmRvd19jdXN0b21pc2F0aW9ucyI6ZmFsc2UsImluZm93aW5kb3dfd2lkdGgiOiIxMDAlIiwic2hvd19pbmZvd2luZG93X2hlYWRlciI6ZmFsc2UsInpvb21fbGV2ZWxfYWZ0ZXJfc2VhcmNoIjoxMCwiZG91YmxlY2xpY2t6b29tIjpmYWxzZSwiY3VycmVudF9wb3N0X29ubHkiOmZhbHNlLCJhZHZhbmNlX3RlbXBsYXRlIjpmYWxzZSwibWFwX3RpbGVfdXJsIjoiaHR0cHM6XC9cL3tzfS50aWxlLm9wZW5zdHJlZXRtYXAub3JnXC97en1cL3t4fVwve3l9LnBuZyIsIm9wZW5zdHJlZXRfc3R5bGVzIjp7Ik9wZW5TdHJlZXRNYXAuTWFwbmlrIjoiaHR0cHM6XC9cL3tzfS50aWxlLm9wZW5zdHJlZXRtYXAub3JnXC97en1cL3t4fVwve3l9LnBuZyIsIk9wZW5TdHJlZXRNYXAuREUiOiJodHRwczpcL1wve3N9LnRpbGUub3BlbnN0cmVldG1hcC5kZVwvdGlsZXNcL29zbWRlXC97en1cL3t4fVwve3l9LnBuZyIsIk9wZW5TdHJlZXRNYXAuQ0giOiJodHRwczpcL1wvdGlsZS5vc20uY2hcL3N3aXR6ZXJsYW5kXC97en1cL3t4fVwve3l9LnBuZyIsIk9wZW5TdHJlZXRNYXAuRnJhbmNlIjoiaHR0cHM6XC9cL3tzfS50aWxlLm9wZW5zdHJlZXRtYXAuZnJcL29zbWZyXC97en1cL3t4fVwve3l9LnBuZyIsIk9wZW5TdHJlZXRNYXAuSE9UIjoiaHR0cHM6XC9cL3tzfS50aWxlLm9wZW5zdHJlZXRtYXAuZnJcL2hvdFwve3p9XC97eH1cL3t5fS5wbmciLCJPcGVuU3RyZWV0TWFwLkJaSCI6Imh0dHBzOlwvXC90aWxlLm9wZW5zdHJlZXRtYXAuYnpoXC9iclwve3p9XC97eH1cL3t5fS5wbmciLCJPcGVuVG9wb01hcCI6Imh0dHBzOlwvXC97c30udGlsZS5vcGVudG9wb21hcC5vcmdcL3t6fVwve3h9XC97eX0ucG5nIiwiVGh1bmRlcmZvcmVzdC5PcGVuQ3ljbGVNYXAiOiJodHRwczpcL1wvZGV2LntzfS50aWxlLm9wZW5zdHJlZXRtYXAuZnJcL2N5Y2xvc21cL3t6fVwve3h9XC97eX0ucG5nIiwiT3Blbk1hcFN1cmZlci5Sb2FkcyI6Imh0dHBzOlwvXC9tYXBzLmhlaWdpdC5vcmdcL29wZW5tYXBzdXJmZXJcL3RpbGVzXC9yb2Fkc1wvd2VibWVyY2F0b3JcL3t6fVwve3h9XC97eX0ucG5nIn0sIm9wZW5zdHJlZXRfc3R5bGVzX21hcmt1cCI6IjxzZWxlY3QgY2xhc3M9XCJ3cG9tcF9tYXBfdHlwZVwiPjxvcHRpb24gdmFsdWU9XCJPcGVuU3RyZWV0TWFwLk1hcG5pa1wiPk9wZW5TdHJlZXRNYXAuTWFwbmlrPFwvb3B0aW9uPjxvcHRpb24gdmFsdWU9XCJPcGVuU3RyZWV0TWFwLkRFXCI+T3BlblN0cmVldE1hcC5ERTxcL29wdGlvbj48b3B0aW9uIHZhbHVlPVwiT3BlblN0cmVldE1hcC5DSFwiPk9wZW5TdHJlZXRNYXAuQ0g8XC9vcHRpb24+PG9wdGlvbiB2YWx1ZT1cIk9wZW5TdHJlZXRNYXAuRnJhbmNlXCI+T3BlblN0cmVldE1hcC5GcmFuY2U8XC9vcHRpb24+PG9wdGlvbiB2YWx1ZT1cIk9wZW5TdHJlZXRNYXAuSE9UXCI+T3BlblN0cmVldE1hcC5IT1Q8XC9vcHRpb24+PG9wdGlvbiB2YWx1ZT1cIk9wZW5TdHJlZXRNYXAuQlpIXCI+T3BlblN0cmVldE1hcC5CWkg8XC9vcHRpb24+PG9wdGlvbiB2YWx1ZT1cIk9wZW5Ub3BvTWFwXCI+T3BlblRvcG9NYXA8XC9vcHRpb24+PG9wdGlvbiB2YWx1ZT1cIlRodW5kZXJmb3Jlc3QuT3BlbkN5Y2xlTWFwXCI+VGh1bmRlcmZvcmVzdC5PcGVuQ3ljbGVNYXA8XC9vcHRpb24+PG9wdGlvbiB2YWx1ZT1cIk9wZW5NYXBTdXJmZXIuUm9hZHNcIj5PcGVuTWFwU3VyZmVyLlJvYWRzPFwvb3B0aW9uPjxcL3NlbGVjdD4iLCJtYXBfYm94X3N0eWxlc19tYXJrdXAiOiI8c2VsZWN0IGNsYXNzPVwid3BvbXBfbWFwYm94X3R5cGVcIj48b3B0aW9uIHZhbHVlPVwic3RyZWV0cy12MTFcIj5TdHJlZXRzPFwvb3B0aW9uPjxvcHRpb24gdmFsdWU9XCJsaWdodC12MTBcIj5MaWdodDxcL29wdGlvbj48b3B0aW9uIHZhbHVlPVwiZGFyay12MTBcIj5EYXJrPFwvb3B0aW9uPjxvcHRpb24gdmFsdWU9XCJvdXRkb29ycy12MTFcIj5PdXRkb29yczxcL29wdGlvbj48b3B0aW9uIHZhbHVlPVwic2F0ZWxsaXRlLXY5XCI+U2F0ZWxsaXRlPFwvb3B0aW9uPjxcL3NlbGVjdD4iLCJib3VuZF9tYXBfYWZ0ZXJfZmlsdGVyIjpmYWxzZSwiZGlzcGxheV9yZXNldF9idXR0b24iOmZhbHNlLCJtYXBfcmVzZXRfYnV0dG9uX3RleHQiOiJSXHUwMGU5aW5pdGlhbGlzZXIiLCJoZWlnaHQiOiI0MDAiLCJ0aWxlc19wcm92aWRlciI6Im9wZW5zdHJlZXQifSwidHJhbnNpdF9sYXllciI6eyJkaXNwbGF5X2xheWVyIjp0cnVlfSwicGxhY2VzIjpbeyJpZCI6IjIiLCJ0aXRsZSI6IlNvdmlsZWMgZW5zZWlnbmVzIGx1bWluZXVzZXMiLCJhZGRyZXNzIjoiNzAgcnVlIEFsZXhhbmRyZSBEdW1hcyIsInNvdXJjZSI6Im1hbnVhbCIsImxvY2F0aW9uIjp7Imljb24iOiJodHRwOlwvXC93d3cuc292aWxlYy5jb21cL0FjdHVhbGl0ZVwvd3AtY29udGVudFwvcGx1Z2luc1wvd3AtZ29vZ2xlLW1hcC1wbHVnaW5cL2Fzc2V0c1wvaW1hZ2VzXC9cL2RlZmF1bHRfbWFya2VyLnBuZyIsImxhdCI6IjQ1Ljc1MzIwMDI5OTk5OTk5IiwibG5nIjoiNC45MjY4Nzk5OTk5OTk5ODMiLCJjaXR5IjoiVkFVTFggRU4gVkVMSU4iLCJjb3VudHJ5IjoiRlJBTkNFIiwib25jbGlja19hY3Rpb24iOiJtYXJrZXIiLCJtYXJrZXJfaW1hZ2UiOiI8ZGl2IGNsYXNzPSdmYy1mZWF0dXJlLWltZyc+PGltZyBsb2FkaW5nPSdsYXp5JyBkZWNvZGluZz0nYXN5bmMnIGFsdD0nU292aWxlYyBlbnNlaWduZXMgbHVtaW5ldXNlcycgc3JjPSdodHRwczpcL1wvd3d3LnNvdmlsZWMuY29tXC9BY3R1YWxpdGVcL3dwLWNvbnRlbnRcL3BsdWdpbnNcL3dwLWdvb2dsZS1tYXAtcGx1Z2luXC9hc3NldHNcL2ltYWdlc1wvc2FtcGxlLmpwZycgY2xhc3M9J3dwZ21wX21hcmtlcl9pbWFnZSBmYy1pdGVtLWZlYXR1cmVkX2ltYWdlIGZjLWl0ZW0tbGFyZ2UnIFwvPjxcL2Rpdj4iLCJvcGVuX25ld190YWIiOiJ5ZXMiLCJwb3N0YWxfY29kZSI6IjY5MTIwIiwiYW5pbWF0aW9uIjoiQk9VTkNFIiwiaW5mb3dpbmRvd19kaXNhYmxlIjp0cnVlLCJ6b29tIjo1LCJleHRyYV9maWVsZHMiOnsibGlzdG9yZGVyIjowfX19XSwibWFwX3Byb3BlcnR5Ijp7Im1hcF9pZCI6IjEifSwic2hhcGVzIjp7ImRyYXdpbmdfZWRpdGFibGUiOmZhbHNlfSwiZmlsdGVycyI6eyJmaWx0ZXJzX2NvbnRhaW5lciI6IltkYXRhLWNvbnRhaW5lcj1cIndwZ21wLWZpbHRlcnMtY29udGFpbmVyXCJdIn0sImdsb2JhbF9zZXR0aW5ncyI6ZmFsc2UsInByb3ZpZGVyIjoiZ29vZ2xlIiwiYXBpS2V5IjoiIn0=\"; });<\/script>\n<h2><strong>Nous contacter<\/strong><\/h2>\n<p>&nbsp;<\/p>\n<p>Que ce soit pour un nouveau projet d&rsquo;enseignes, un d\u00e9pannage, une question sur les enseignes lumineuses, joindre le service comptabilit\u00e9 ou nous sugg\u00e9rer une id\u00e9e, nous souhaitons \u00eatre au plus proche de vous : n&rsquo;h\u00e9sitez pas \u00e0 nous contacter !<br \/>\n&nbsp;<\/p>\n<p><strong>Par courrier : <\/strong><br \/>\n70 rue Alexandre Dumas<br \/>\n69120 VAULX EN VELIN<\/p>\n<p>&nbsp;<\/p>\n<p><strong>Par t\u00e9l\u00e9phone :<\/strong><br \/>\n04 72 13 33 30<\/p>\n<p>&nbsp;<\/p>\n<p><strong>Par formulaire :<\/strong>\n<div class=\"wpcf7 no-js\" id=\"wpcf7-f770-o1\" lang=\"fr-FR\" dir=\"ltr\" data-wpcf7-id=\"770\">\n<div class=\"screen-reader-response\"><p role=\"status\" aria-live=\"polite\" aria-atomic=\"true\"><\/p> <ul><\/ul><\/div>\n<form action=\"\/Actualite\/wp-json\/wp\/v2\/pages\/254#wpcf7-f770-o1\" method=\"post\" class=\"wpcf7-form init\" aria-label=\"Formulaire de contact\" novalidate=\"novalidate\" data-status=\"init\">\n<fieldset class=\"hidden-fields-container\"><input type=\"hidden\" name=\"_wpcf7\" value=\"770\" \/><input type=\"hidden\" name=\"_wpcf7_version\" value=\"6.1.5\" \/><input type=\"hidden\" name=\"_wpcf7_locale\" value=\"fr_FR\" \/><input type=\"hidden\" name=\"_wpcf7_unit_tag\" value=\"wpcf7-f770-o1\" \/><input type=\"hidden\" name=\"_wpcf7_container_post\" value=\"0\" \/><input type=\"hidden\" name=\"_wpcf7_posted_data_hash\" value=\"\" \/>\n<\/fieldset>\n<p><label>Votre Nom (requis)<br \/>\n<span class=\"wpcf7-form-control-wrap\" data-name=\"your-name\"><input size=\"40\" maxlength=\"400\" class=\"wpcf7-form-control wpcf7-text wpcf7-validates-as-required\" aria-required=\"true\" aria-invalid=\"false\" value=\"\" type=\"text\" name=\"your-name\" \/><\/span> <\/label>\n<\/p>\n<p><label> Votre Email (requis)<br \/>\n<span class=\"wpcf7-form-control-wrap\" data-name=\"your-email\"><input size=\"40\" maxlength=\"400\" class=\"wpcf7-form-control wpcf7-email wpcf7-validates-as-required wpcf7-text wpcf7-validates-as-email\" aria-required=\"true\" aria-invalid=\"false\" value=\"\" type=\"email\" name=\"your-email\" \/><\/span> <\/label>\n<\/p>\n<p><label> Objet<br \/>\n<span class=\"wpcf7-form-control-wrap\" data-name=\"your-subject\"><input size=\"40\" maxlength=\"400\" class=\"wpcf7-form-control wpcf7-text\" aria-invalid=\"false\" value=\"\" type=\"text\" name=\"your-subject\" \/><\/span> <\/label>\n<\/p>\n<p><label> Votre Message<br \/>\n<span class=\"wpcf7-form-control-wrap\" data-name=\"your-message\"><textarea cols=\"40\" rows=\"10\" maxlength=\"2000\" class=\"wpcf7-form-control wpcf7-textarea\" aria-invalid=\"false\" name=\"your-message\"><\/textarea><\/span> <\/label>\n<\/p>\n<p><input class=\"wpcf7-form-control wpcf7-submit has-spinner\" type=\"submit\" value=\"Send\" \/>\n<\/p><p style=\"display: none !important;\" class=\"akismet-fields-container\" data-prefix=\"_wpcf7_ak_\"><label>&#916;<textarea name=\"_wpcf7_ak_hp_textarea\" cols=\"45\" rows=\"8\" maxlength=\"100\"><\/textarea><\/label><input type=\"hidden\" id=\"ak_js_1\" name=\"_wpcf7_ak_js\" value=\"69\"\/><script>document.getElementById( \"ak_js_1\" ).setAttribute( \"value\", ( new Date() ).getTime() );<\/script><\/p><div class=\"wpcf7-response-output\" aria-hidden=\"true\"><\/div>\n<\/form>\n<\/div>\n<\/p>\n","protected":false},"excerpt":{"rendered":"<p>Nous situer &nbsp; Nous contacter &nbsp; Que ce soit pour un nouveau projet d&rsquo;enseignes, un d\u00e9pannage, une question sur les enseignes lumineuses, joindre le service comptabilit\u00e9 ou nous sugg\u00e9rer une id\u00e9e, nous souhaitons \u00eatre au plus proche de vous : n&rsquo;h\u00e9sitez pas \u00e0 nous contacter&#8230;<\/p>\n","protected":false},"author":1,"featured_media":0,"parent":0,"menu_order":0,"comment_status":"closed","ping_status":"closed","template":"","meta":{"jetpack_post_was_ever_published":false,"footnotes":""},"class_list":["post-254","page","type-page","status-publish","hentry"],"aioseo_notices":[],"jetpack_sharing_enabled":true,"jetpack_shortlink":"https:\/\/wp.me\/PaXkFv-46","_links":{"self":[{"href":"https:\/\/www.sovilec.com\/Actualite\/wp-json\/wp\/v2\/pages\/254","targetHints":{"allow":["GET"]}}],"collection":[{"href":"https:\/\/www.sovilec.com\/Actualite\/wp-json\/wp\/v2\/pages"}],"about":[{"href":"https:\/\/www.sovilec.com\/Actualite\/wp-json\/wp\/v2\/types\/page"}],"author":[{"embeddable":true,"href":"https:\/\/www.sovilec.com\/Actualite\/wp-json\/wp\/v2\/users\/1"}],"replies":[{"embeddable":true,"href":"https:\/\/www.sovilec.com\/Actualite\/wp-json\/wp\/v2\/comments?post=254"}],"version-history":[{"count":23,"href":"https:\/\/www.sovilec.com\/Actualite\/wp-json\/wp\/v2\/pages\/254\/revisions"}],"predecessor-version":[{"id":773,"href":"https:\/\/www.sovilec.com\/Actualite\/wp-json\/wp\/v2\/pages\/254\/revisions\/773"}],"wp:attachment":[{"href":"https:\/\/www.sovilec.com\/Actualite\/wp-json\/wp\/v2\/media?parent=254"}],"curies":[{"name":"wp","href":"https:\/\/api.w.org\/{rel}","templated":true}]}}