{"id":417,"date":"2019-04-30T16:58:31","date_gmt":"2019-04-30T15:58:31","guid":{"rendered":"https:\/\/www.sovilec.com\/Actualite\/?page_id=417"},"modified":"2021-06-07T13:26:50","modified_gmt":"2021-06-07T12:26:50","slug":"actualites","status":"publish","type":"page","link":"https:\/\/www.sovilec.com\/Actualite\/","title":{"rendered":"Actualit\u00e9"},"content":{"rendered":"<p>&#8211;<br \/>\nActualit\u00e9 des enseignes lumineuses et de la signal\u00e9tique en lien avec les derni\u00e8res tendances du retail, de la grande distribution et de la consommation en France. D\u00e9couvrez ici nos derni\u00e8res r\u00e9alisations vues \u00e0 travers diff\u00e9rents sujets de r\u00e9flexion ; ainsi que des photos illustrant nos articles.<br \/>\n&#8211;<\/p>\n","protected":false},"excerpt":{"rendered":"<p>&#8211; Actualit\u00e9 des enseignes lumineuses et de la signal\u00e9tique en lien avec les derni\u00e8res tendances du retail, de la grande distribution et de la consommation en France. D\u00e9couvrez ici nos derni\u00e8res r\u00e9alisations vues \u00e0 travers diff\u00e9rents sujets de r\u00e9flexion ; ainsi que des photos illustrant&#8230;<\/p>\n","protected":false},"author":1,"featured_media":0,"parent":0,"menu_order":0,"comment_status":"closed","ping_status":"closed","template":"blog-masonry-date-in-image.php","meta":{"jetpack_post_was_ever_published":false,"footnotes":""},"class_list":["post-417","page","type-page","status-publish","hentry"],"aioseo_notices":[],"jetpack_sharing_enabled":true,"jetpack_shortlink":"https:\/\/wp.me\/PaXkFv-6J","_links":{"self":[{"href":"https:\/\/www.sovilec.com\/Actualite\/wp-json\/wp\/v2\/pages\/417","targetHints":{"allow":["GET"]}}],"collection":[{"href":"https:\/\/www.sovilec.com\/Actualite\/wp-json\/wp\/v2\/pages"}],"about":[{"href":"https:\/\/www.sovilec.com\/Actualite\/wp-json\/wp\/v2\/types\/page"}],"author":[{"embeddable":true,"href":"https:\/\/www.sovilec.com\/Actualite\/wp-json\/wp\/v2\/users\/1"}],"replies":[{"embeddable":true,"href":"https:\/\/www.sovilec.com\/Actualite\/wp-json\/wp\/v2\/comments?post=417"}],"version-history":[{"count":20,"href":"https:\/\/www.sovilec.com\/Actualite\/wp-json\/wp\/v2\/pages\/417\/revisions"}],"predecessor-version":[{"id":1291,"href":"https:\/\/www.sovilec.com\/Actualite\/wp-json\/wp\/v2\/pages\/417\/revisions\/1291"}],"wp:attachment":[{"href":"https:\/\/www.sovilec.com\/Actualite\/wp-json\/wp\/v2\/media?parent=417"}],"curies":[{"name":"wp","href":"https:\/\/api.w.org\/{rel}","templated":true}]}}